{"id":14929,"date":"2026-03-26T07:11:48","date_gmt":"2026-03-26T07:11:48","guid":{"rendered":"https:\/\/brandcharacter.shop\/?post_type=product&#038;p=14929"},"modified":"2026-03-26T07:20:21","modified_gmt":"2026-03-26T07:20:21","slug":"light-gourmet-sauce-salad-dressing-zucker-und-kalorienreduziert-in-wurzig-leckeren-sorten","status":"publish","type":"product","link":"https:\/\/brandcharacter.shop\/de\/produkt\/light-gourmet-sauce-salad-dressing-zucker-und-kalorienreduziert-in-wurzig-leckeren-sorten\/","title":{"rendered":"Light Gourmet Sauce &amp; Salatdressing - zucker- und kalorienreduziert in w\u00fcrzig leckeren Sorten"},"content":{"rendered":"<div data-elementor-type=\"product-post\" data-elementor-id=\"14929\" class=\"elementor elementor-14929\" data-elementor-post-type=\"product\">\n\t\t\t\t<div class=\"elementor-element elementor-element-5dc733ff e-flex e-con-boxed e-con e-parent\" data-id=\"5dc733ff\" data-element_type=\"container\" data-settings=\"{&quot;ekit_has_onepagescroll_dot&quot;:&quot;yes&quot;}\">\n\t\t\t\t\t<div class=\"e-con-inner\">\n\t\t<div class=\"elementor-element elementor-element-515d3b61 e-grid e-con-full e-con e-child\" data-id=\"515d3b61\" data-element_type=\"container\" data-settings=\"{&quot;ekit_has_onepagescroll_dot&quot;:&quot;yes&quot;}\">\n\t\t\t\t<div class=\"elementor-element elementor-element-3f4579b5 elementor-widget elementor-widget-video\" data-id=\"3f4579b5\" data-element_type=\"widget\" data-settings=\"{&quot;video_type&quot;:&quot;hosted&quot;,&quot;controls&quot;:&quot;yes&quot;,&quot;ekit_we_effect_on&quot;:&quot;none&quot;}\" data-widget_type=\"video.default\">\n\t\t\t\t<div class=\"elementor-widget-container\">\n\t\t\t\t\t\t\t<div class=\"e-hosted-video elementor-wrapper elementor-open-inline\">\n\t\t\t\t\t<video class=\"elementor-video\" src=\"https:\/\/brandcharacter.shop\/wp-content\/uploads\/2026\/03\/video_2026-03-25_22-09-55.mp4\" controls=\"\" preload=\"metadata\" controlslist=\"nodownload\"><\/video>\n\t\t\t\t<\/div>\n\t\t\t\t\t\t<\/div>\n\t\t\t\t<\/div>\n\t\t\t\t<div class=\"elementor-element elementor-element-72f9cf71 elementor-widget elementor-widget-text-editor\" data-id=\"72f9cf71\" data-element_type=\"widget\" data-settings=\"{&quot;ekit_we_effect_on&quot;:&quot;none&quot;}\" data-widget_type=\"text-editor.default\">\n\t\t\t\t<div class=\"elementor-widget-container\">\n\t\t\t\t\t\t\t\t\t<div class=\"elementor-widget-container\">\n    # Wichtigste Highlights\n\n<div class=\"product-table\">\n  <div class=\"product-row\">\n    <div class=\"product-label\">Geschmacksrichtung<\/div>\n    <div class=\"product-value\">Hollandaise<\/div>\n  <\/div>\n  <div class=\"product-row\">\n    <div class=\"product-label\"><strong>Marke<\/strong><\/div>\n    <div class=\"product-value\"><strong>MEHR ERN\u00c4HRUNG<\/strong><\/div>\n  <\/div>\n  <div class=\"product-row\">\n    <div class=\"product-label\"><strong>Paketinformationen<\/strong><\/div>\n    <div class=\"product-value\"><strong>Flasche<\/strong><\/div>\n  <\/div>\n  <div class=\"product-row\">\n    <div class=\"product-label\"><strong>Paketgewicht<\/strong><\/div>\n    <div class=\"product-value\"><strong>337 Gramm<\/strong><\/div>\n  <\/div>\n  <div class=\"product-row\">\n    <div class=\"product-label\"><strong>Formular<\/strong><\/div>\n    <div class=\"product-value\"><strong>So\u00dfe<\/strong><\/div>\n  <\/div>\n  <div class=\"product-row\">\n    <div class=\"product-label\"><strong>Anzahl der Einheiten<\/strong><\/div>\n    <div class=\"product-value\"><strong>285,0 Milliliter<\/strong><\/div>\n  <\/div>\n  <div class=\"product-row\">\n    <div class=\"product-label\"><strong>Anzahl der Artikel<\/strong><\/div>\n    <div class=\"product-value\"><strong>1<\/strong><\/div>\n  <\/div>\n<\/div>\n\n<style>\n.product-table {\n  width: 100%;\n  border-top: 1px solid #000;\n  font-family: Arial, sans-serif;\n}\n\n.product-row {\n  display: flex;\n  border-bottom: 1px solid #000;\n  padding: 12px 0;\n}\n\n.product-label {\n  flex: 1;\n  font-weight: bold;\n  min-width: 200px;\n  padding-right: 20px;\n}\n\n.product-value {\n  flex: 1;\n  min-width: 200px;\n}\n<\/style>\n<\/div>\t\t\t\t\t\t\t\t<\/div>\n\t\t\t\t<\/div>\n\t\t\t\t<\/div>\n\t\t\t\t\t<\/div>\n\t\t\t\t<\/div>\n\t\t<div class=\"elementor-element elementor-element-6b53fc4a e-flex e-con-boxed e-con e-parent\" data-id=\"6b53fc4a\" data-element_type=\"container\" data-settings=\"{&quot;ekit_has_onepagescroll_dot&quot;:&quot;yes&quot;}\">\n\t\t\t\t\t<div class=\"e-con-inner\">\n\t\t\t\t<div class=\"elementor-element elementor-element-14d081fa elementor--h-position-center elementor--v-position-middle elementor-arrows-position-inside elementor-pagination-position-inside elementor-widget elementor-widget-slides\" data-id=\"14d081fa\" data-element_type=\"widget\" data-settings=\"{&quot;navigation&quot;:&quot;both&quot;,&quot;autoplay&quot;:&quot;yes&quot;,&quot;pause_on_hover&quot;:&quot;yes&quot;,&quot;pause_on_interaction&quot;:&quot;yes&quot;,&quot;autoplay_speed&quot;:5000,&quot;infinite&quot;:&quot;yes&quot;,&quot;transition&quot;:&quot;slide&quot;,&quot;transition_speed&quot;:500,&quot;ekit_we_effect_on&quot;:&quot;none&quot;}\" data-widget_type=\"slides.default\">\n\t\t\t\t<div class=\"elementor-widget-container\">\n\t\t\t\t\t\t\t\t\t<div class=\"elementor-swiper\">\r\n\t\t\t\t\t<div class=\"elementor-slides-wrapper elementor-main-swiper swiper\" role=\"region\" aria-roledescription=\"carousel\" aria-label=\"Dias\" dir=\"ltr\" data-animation=\"fadeInUp\">\r\n\t\t\t\t<div class=\"swiper-wrapper elementor-slides\">\r\n\t\t\t\t\t\t\t\t\t\t<div class=\"elementor-repeater-item-2d6d029 swiper-slide\" role=\"group\" aria-roledescription=\"slide\"><div class=\"swiper-slide-bg\" role=\"img\" aria-label=\"9b1a01ca-9652-4000-b621-3362210af4de.__CR00970300_PT0_SX970_V1___.jpg\"><\/div><div class=\"swiper-slide-inner\" ><div class=\"swiper-slide-contents\"><\/div><\/div><\/div><div class=\"elementor-repeater-item-d14cc7a swiper-slide\" role=\"group\" aria-roledescription=\"slide\"><div class=\"swiper-slide-bg\" role=\"img\" aria-label=\"12ad781c-49b3-483f-a48a-16ff65d3c428.__CR001464600_PT0_SX1464_V1___-1.jpg\"><\/div><div class=\"swiper-slide-inner\" ><div class=\"swiper-slide-contents\"><\/div><\/div><\/div><div class=\"elementor-repeater-item-f8a78b6 swiper-slide\" role=\"group\" aria-roledescription=\"slide\"><div class=\"swiper-slide-bg\" role=\"img\" aria-label=\"4-17.jpg\"><\/div><div class=\"swiper-slide-inner\" ><div class=\"swiper-slide-contents\"><\/div><\/div><\/div>\t\t\t\t<\/div>\r\n\t\t\t\t\t\t\t\t\t\t\t\t\t\t\t<div class=\"elementor-swiper-button elementor-swiper-button-prev\" role=\"button\" tabindex=\"0\" aria-label=\"Vorheriges Dia\">\r\n\t\t\t\t\t\t\t<svg aria-hidden=\"true\" class=\"e-font-icon-svg e-eicon-chevron-left\" viewbox=\"0 0 1000 1000\" xmlns=\"http:\/\/www.w3.org\/2000\/svg\"><path d=\"M646 125C629 125 613 133 604 142L308 442C296 454 292 471 292 487 292 504 296 521 308 533L604 854C617 867 629 875 646 875 663 875 679 871 692 858 704 846 713 829 713 812 713 796 708 779 692 767L438 487 692 225C700 217 708 204 708 187 708 171 704 154 692 142 675 129 663 125 646 125Z\"><\/path><\/svg>\t\t\t\t\t\t<\/div>\r\n\t\t\t\t\t\t<div class=\"elementor-swiper-button elementor-swiper-button-next\" role=\"button\" tabindex=\"0\" aria-label=\"N\u00e4chste Folie\">\r\n\t\t\t\t\t\t\t<svg aria-hidden=\"true\" class=\"e-font-icon-svg e-eicon-chevron-right\" viewbox=\"0 0 1000 1000\" xmlns=\"http:\/\/www.w3.org\/2000\/svg\"><path d=\"M696 533C708 521 713 504 713 487 713 471 708 454 696 446L400 146C388 133 375 125 354 125 338 125 325 129 313 142 300 154 292 171 292 187 292 204 296 221 308 233L563 492 304 771C292 783 288 800 288 817 288 833 296 850 308 863 321 871 338 875 354 875 371 875 388 867 400 854L696 533Z\"><\/path><\/svg>\t\t\t\t\t\t<\/div>\r\n\t\t\t\t\t\t\t\t\t\t\t\t\t\t\t\t<div class=\"swiper-pagination\"><\/div>\r\n\t\t\t\t\t\t\t\t\t\t\t\t<\/div>\r\n\t\t\t\t<\/div>\r\n\t\t\t\t\t\t\t\t<\/div>\n\t\t\t\t<\/div>\n\t\t\t\t\t<\/div>\n\t\t\t\t<\/div>\n\t\t<div class=\"elementor-element elementor-element-3021455f e-flex e-con-boxed e-con e-parent\" data-id=\"3021455f\" data-element_type=\"container\" data-settings=\"{&quot;ekit_has_onepagescroll_dot&quot;:&quot;yes&quot;}\">\n\t\t\t\t\t<div class=\"e-con-inner\">\n\t\t\t\t<div class=\"elementor-element elementor-element-52a289fe elementor-widget elementor-widget-heading\" data-id=\"52a289fe\" data-element_type=\"widget\" data-settings=\"{&quot;ekit_we_effect_on&quot;:&quot;none&quot;}\" data-widget_type=\"heading.default\">\n\t\t\t\t<div class=\"elementor-widget-container\">\n\t\t\t\t\t<h2 class=\"elementor-heading-title elementor-size-default\">\nWichtige Informationen<\/h2>\t\t\t\t<\/div>\n\t\t\t\t<\/div>\n\t\t\t\t<div class=\"elementor-element elementor-element-11cd42e elementor-widget elementor-widget-text-editor\" data-id=\"11cd42e\" data-element_type=\"widget\" data-settings=\"{&quot;ekit_we_effect_on&quot;:&quot;none&quot;}\" data-widget_type=\"text-editor.default\">\n\t\t\t\t<div class=\"elementor-widget-container\">\n\t\t\t\t\t\t\t\t\t<h4>Gebrauchsanweisung<\/h4>\t\t\t\t\t\t\t\t<\/div>\n\t\t\t\t<\/div>\n\t\t\t\t<div class=\"elementor-element elementor-element-5262144f elementor-widget elementor-widget-text-editor\" data-id=\"5262144f\" data-element_type=\"widget\" data-settings=\"{&quot;ekit_we_effect_on&quot;:&quot;none&quot;}\" data-widget_type=\"text-editor.default\">\n\t\t\t\t<div class=\"elementor-widget-container\">\n\t\t\t\t\t\t\t\t\t<p>Keine Vorbereitung erforderlich. Die Sauce ist bereit zum Verfeinern von Gerichten oder als Dip zu verwenden.<\/p>\t\t\t\t\t\t\t\t<\/div>\n\t\t\t\t<\/div>\n\t\t\t\t<div class=\"elementor-element elementor-element-43d127fd elementor-widget elementor-widget-text-editor\" data-id=\"43d127fd\" data-element_type=\"widget\" data-settings=\"{&quot;ekit_we_effect_on&quot;:&quot;none&quot;}\" data-widget_type=\"text-editor.default\">\n\t\t\t\t<div class=\"elementor-widget-container\">\n\t\t\t\t\t\t\t\t\t<h4>Haftungsausschluss<\/h4>\t\t\t\t\t\t\t\t<\/div>\n\t\t\t\t<\/div>\n\t\t\t\t<div class=\"elementor-element elementor-element-28d7dbf2 elementor-widget elementor-widget-text-editor\" data-id=\"28d7dbf2\" data-element_type=\"widget\" data-settings=\"{&quot;ekit_we_effect_on&quot;:&quot;none&quot;}\" data-widget_type=\"text-editor.default\">\n\t\t\t\t<div class=\"elementor-widget-container\">\n\t\t\t\t\t\t\t\t\t<p>Die Produktverpackung und zugeh\u00f6rigen Dokumente enthalten m\u00f6glicherweise Angaben, die \u00fcber die auf unserer Internetseite gemachten Angaben hinausgehen und\/oder sich von ihnen unterscheiden. Wir empfehlen Ihnen daher, sich nicht allein auf die Angaben zu verlassen, die auf unserer Internetseite angezeigt werden, sondern sich vor Gebrauch der Ware stets auch sorgf\u00e4ltig die Etiketten, Warnhinweise und Anleitungen durchzulesen, die mit der Ware geliefert werden.<\/p>\t\t\t\t\t\t\t\t<\/div>\n\t\t\t\t<\/div>\n\t\t\t\t\t<\/div>\n\t\t\t\t<\/div>\n\t\t<div class=\"elementor-element elementor-element-3e9bbb8b e-flex e-con-boxed e-con e-parent\" data-id=\"3e9bbb8b\" data-element_type=\"container\" data-settings=\"{&quot;ekit_has_onepagescroll_dot&quot;:&quot;yes&quot;}\">\n\t\t\t\t\t<div class=\"e-con-inner\">\n\t\t<div class=\"elementor-element elementor-element-577d4700 e-grid e-con-full e-con e-child\" data-id=\"577d4700\" data-element_type=\"container\" data-settings=\"{&quot;ekit_has_onepagescroll_dot&quot;:&quot;yes&quot;}\">\n\t\t\t\t<div class=\"elementor-element elementor-element-69910f19 elementor-position-top elementor-widget elementor-widget-image-box\" data-id=\"69910f19\" data-element_type=\"widget\" data-settings=\"{&quot;ekit_we_effect_on&quot;:&quot;none&quot;}\" data-widget_type=\"image-box.default\">\n\t\t\t\t<div class=\"elementor-widget-container\">\n\t\t\t\t\t<div class=\"elementor-image-box-wrapper\"><figure class=\"elementor-image-box-img\"><img loading=\"lazy\" decoding=\"async\" width=\"1500\" height=\"1500\" src=\"https:\/\/brandcharacter.shop\/wp-content\/uploads\/2026\/03\/81nOMb1b28L._SL1500_-1.jpg\" class=\"attachment-full size-full wp-image-14950 wvs-archive-product-image\" alt=\"\" srcset=\"https:\/\/brandcharacter.shop\/wp-content\/uploads\/2026\/03\/81nOMb1b28L._SL1500_-1.jpg 1500w, https:\/\/brandcharacter.shop\/wp-content\/uploads\/2026\/03\/81nOMb1b28L._SL1500_-1-300x300.jpg 300w, https:\/\/brandcharacter.shop\/wp-content\/uploads\/2026\/03\/81nOMb1b28L._SL1500_-1-1024x1024.jpg 1024w, https:\/\/brandcharacter.shop\/wp-content\/uploads\/2026\/03\/81nOMb1b28L._SL1500_-1-150x150.jpg 150w, https:\/\/brandcharacter.shop\/wp-content\/uploads\/2026\/03\/81nOMb1b28L._SL1500_-1-768x768.jpg 768w, https:\/\/brandcharacter.shop\/wp-content\/uploads\/2026\/03\/81nOMb1b28L._SL1500_-1-12x12.jpg 12w, https:\/\/brandcharacter.shop\/wp-content\/uploads\/2026\/03\/81nOMb1b28L._SL1500_-1-600x600.jpg 600w, https:\/\/brandcharacter.shop\/wp-content\/uploads\/2026\/03\/81nOMb1b28L._SL1500_-1-100x100.jpg 100w, https:\/\/brandcharacter.shop\/wp-content\/uploads\/2026\/03\/81nOMb1b28L._SL1500_-1-50x50.jpg 50w, https:\/\/brandcharacter.shop\/wp-content\/uploads\/2026\/03\/81nOMb1b28L._SL1500_-1-1x1.jpg 1w, https:\/\/brandcharacter.shop\/wp-content\/uploads\/2026\/03\/81nOMb1b28L._SL1500_-1-10x10.jpg 10w\" sizes=\"auto, (max-width: 1500px) 100vw, 1500px\" \/><\/figure><div class=\"elementor-image-box-content\"><h3 class=\"elementor-image-box-title\">Ausgewogenheit trifft auf Geschmacksexplosion<\/h3><p class=\"elementor-image-box-description\">Wir haben eine Sauce entwickelt, die sowohl deinen Gaumen als auch deine Ziele zufriedenstellt. Die scharf-w\u00fcrzige Komposition bringt genau die richtige Intensit\u00e4t mit, ohne zu dominieren. Sie unterstreicht den nat\u00fcrlichen Geschmack deiner Zutaten und verleiht ihnen eine raffinierte, pikante Note - ideal f\u00fcr alle, die es gerne etwas feuriger m\u00f6gen, aber auf ihre Linie achten.<\/p><\/div><\/div>\t\t\t\t<\/div>\n\t\t\t\t<\/div>\n\t\t\t\t<div class=\"elementor-element elementor-element-7729c0ba elementor-position-top elementor-widget elementor-widget-image-box\" data-id=\"7729c0ba\" data-element_type=\"widget\" data-settings=\"{&quot;ekit_we_effect_on&quot;:&quot;none&quot;}\" data-widget_type=\"image-box.default\">\n\t\t\t\t<div class=\"elementor-widget-container\">\n\t\t\t\t\t<div class=\"elementor-image-box-wrapper\"><figure class=\"elementor-image-box-img\"><img loading=\"lazy\" decoding=\"async\" width=\"1500\" height=\"1500\" src=\"https:\/\/brandcharacter.shop\/wp-content\/uploads\/2026\/03\/81KZHvWdL._AC_SL1500_.jpg\" class=\"attachment-full size-full wp-image-14951 wvs-archive-product-image\" alt=\"\" srcset=\"https:\/\/brandcharacter.shop\/wp-content\/uploads\/2026\/03\/81KZHvWdL._AC_SL1500_.jpg 1500w, https:\/\/brandcharacter.shop\/wp-content\/uploads\/2026\/03\/81KZHvWdL._AC_SL1500_-300x300.jpg 300w, https:\/\/brandcharacter.shop\/wp-content\/uploads\/2026\/03\/81KZHvWdL._AC_SL1500_-1024x1024.jpg 1024w, https:\/\/brandcharacter.shop\/wp-content\/uploads\/2026\/03\/81KZHvWdL._AC_SL1500_-150x150.jpg 150w, https:\/\/brandcharacter.shop\/wp-content\/uploads\/2026\/03\/81KZHvWdL._AC_SL1500_-768x768.jpg 768w, https:\/\/brandcharacter.shop\/wp-content\/uploads\/2026\/03\/81KZHvWdL._AC_SL1500_-12x12.jpg 12w, https:\/\/brandcharacter.shop\/wp-content\/uploads\/2026\/03\/81KZHvWdL._AC_SL1500_-600x600.jpg 600w, https:\/\/brandcharacter.shop\/wp-content\/uploads\/2026\/03\/81KZHvWdL._AC_SL1500_-100x100.jpg 100w, https:\/\/brandcharacter.shop\/wp-content\/uploads\/2026\/03\/81KZHvWdL._AC_SL1500_-50x50.jpg 50w, https:\/\/brandcharacter.shop\/wp-content\/uploads\/2026\/03\/81KZHvWdL._AC_SL1500_-1x1.jpg 1w, https:\/\/brandcharacter.shop\/wp-content\/uploads\/2026\/03\/81KZHvWdL._AC_SL1500_-10x10.jpg 10w\" sizes=\"auto, (max-width: 1500px) 100vw, 1500px\" \/><\/figure><div class=\"elementor-image-box-content\"><h3 class=\"elementor-image-box-title\">Perfekt f\u00fcr Ihre leichte K\u00fcche<\/h3><p class=\"elementor-image-box-description\">Ob als Topping f\u00fcr knackigen Salat, als Dip f\u00fcr Gem\u00fcsesticks oder als w\u00fcrzige Note f\u00fcr Ihre Protein-Bowl - unser Dressing macht jede Mahlzeit zu einem Highlight. Es beweist, dass gesunde Ern\u00e4hrung nicht langweilig sein muss. Weniger Zucker und Kalorien bedeuten hier nicht weniger Geschmack, sondern einfach eine kl\u00fcgere Wahl.<\/p><\/div><\/div>\t\t\t\t<\/div>\n\t\t\t\t<\/div>\n\t\t\t\t<div class=\"elementor-element elementor-element-17ad346f elementor-position-top elementor-widget elementor-widget-image-box\" data-id=\"17ad346f\" data-element_type=\"widget\" data-settings=\"{&quot;ekit_we_effect_on&quot;:&quot;none&quot;}\" data-widget_type=\"image-box.default\">\n\t\t\t\t<div class=\"elementor-widget-container\">\n\t\t\t\t\t<div class=\"elementor-image-box-wrapper\"><figure class=\"elementor-image-box-img\"><img loading=\"lazy\" decoding=\"async\" width=\"1500\" height=\"1500\" src=\"https:\/\/brandcharacter.shop\/wp-content\/uploads\/2026\/03\/71tFaX8-TuL._AC_SL1500_.jpg\" class=\"attachment-full size-full wp-image-14952 wvs-archive-product-image\" alt=\"\" srcset=\"https:\/\/brandcharacter.shop\/wp-content\/uploads\/2026\/03\/71tFaX8-TuL._AC_SL1500_.jpg 1500w, https:\/\/brandcharacter.shop\/wp-content\/uploads\/2026\/03\/71tFaX8-TuL._AC_SL1500_-300x300.jpg 300w, https:\/\/brandcharacter.shop\/wp-content\/uploads\/2026\/03\/71tFaX8-TuL._AC_SL1500_-1024x1024.jpg 1024w, https:\/\/brandcharacter.shop\/wp-content\/uploads\/2026\/03\/71tFaX8-TuL._AC_SL1500_-150x150.jpg 150w, https:\/\/brandcharacter.shop\/wp-content\/uploads\/2026\/03\/71tFaX8-TuL._AC_SL1500_-768x768.jpg 768w, https:\/\/brandcharacter.shop\/wp-content\/uploads\/2026\/03\/71tFaX8-TuL._AC_SL1500_-12x12.jpg 12w, https:\/\/brandcharacter.shop\/wp-content\/uploads\/2026\/03\/71tFaX8-TuL._AC_SL1500_-600x600.jpg 600w, https:\/\/brandcharacter.shop\/wp-content\/uploads\/2026\/03\/71tFaX8-TuL._AC_SL1500_-100x100.jpg 100w, https:\/\/brandcharacter.shop\/wp-content\/uploads\/2026\/03\/71tFaX8-TuL._AC_SL1500_-50x50.jpg 50w, https:\/\/brandcharacter.shop\/wp-content\/uploads\/2026\/03\/71tFaX8-TuL._AC_SL1500_-1x1.jpg 1w, https:\/\/brandcharacter.shop\/wp-content\/uploads\/2026\/03\/71tFaX8-TuL._AC_SL1500_-10x10.jpg 10w\" sizes=\"auto, (max-width: 1500px) 100vw, 1500px\" \/><\/figure><div class=\"elementor-image-box-content\"><h3 class=\"elementor-image-box-title\">Genuss ohne Reue - scharf, w\u00fcrzig, leicht<\/h3><p class=\"elementor-image-box-description\">Du liebst den Kick einer scharf-w\u00fcrzigen Sauce, m\u00f6chtest aber auf eine bewusste Ern\u00e4hrung achten? Mit unserem leichten Dressing m\u00fcssen Sie sich nicht entscheiden. Es vereint das feurige Aroma einer w\u00fcrzigen Sauce mit einer reduzierten Kalorien- und Zuckerbilanz. So k\u00f6nnen Sie Ihre Salate, Bowls oder Grillgerichte voll auskosten - ohne Kompromisse bei Ihren Zielen.<\/p><\/div><\/div>\t\t\t\t<\/div>\n\t\t\t\t<\/div>\n\t\t\t\t<\/div>\n\t\t\t\t\t<\/div>\n\t\t\t\t<\/div>\n\t\t<div class=\"elementor-element elementor-element-53183ffd e-flex e-con-boxed e-con e-parent\" data-id=\"53183ffd\" data-element_type=\"container\" data-settings=\"{&quot;ekit_has_onepagescroll_dot&quot;:&quot;yes&quot;}\">\n\t\t\t\t\t<div class=\"e-con-inner\">\n\t\t\t\t<div class=\"elementor-element elementor-element-18bf9b47 elementor-widget elementor-widget-image\" data-id=\"18bf9b47\" data-element_type=\"widget\" data-settings=\"{&quot;ekit_we_effect_on&quot;:&quot;none&quot;}\" data-widget_type=\"image.default\">\n\t\t\t\t<div class=\"elementor-widget-container\">\n\t\t\t\t\t\t\t\t\t\t\t\t\t\t\t<img loading=\"lazy\" decoding=\"async\" width=\"1024\" height=\"420\" src=\"https:\/\/brandcharacter.shop\/wp-content\/uploads\/2026\/03\/1-26-1024x420.jpg\" class=\"attachment-large size-large wp-image-14953 wvs-archive-product-image\" alt=\"\" srcset=\"https:\/\/brandcharacter.shop\/wp-content\/uploads\/2026\/03\/1-26-1024x420.jpg 1024w, https:\/\/brandcharacter.shop\/wp-content\/uploads\/2026\/03\/1-26-300x123.jpg 300w, https:\/\/brandcharacter.shop\/wp-content\/uploads\/2026\/03\/1-26-768x315.jpg 768w, https:\/\/brandcharacter.shop\/wp-content\/uploads\/2026\/03\/1-26-18x7.jpg 18w, https:\/\/brandcharacter.shop\/wp-content\/uploads\/2026\/03\/1-26-600x246.jpg 600w, https:\/\/brandcharacter.shop\/wp-content\/uploads\/2026\/03\/1-26-1x1.jpg 1w, https:\/\/brandcharacter.shop\/wp-content\/uploads\/2026\/03\/1-26-10x4.jpg 10w, https:\/\/brandcharacter.shop\/wp-content\/uploads\/2026\/03\/1-26.jpg 1464w\" sizes=\"auto, (max-width: 1024px) 100vw, 1024px\" \/>\t\t\t\t\t\t\t\t\t\t\t\t\t\t\t<\/div>\n\t\t\t\t<\/div>\n\t\t\t\t<div class=\"elementor-element elementor-element-5f7d79bb elementor-widget elementor-widget-image\" data-id=\"5f7d79bb\" data-element_type=\"widget\" data-settings=\"{&quot;ekit_we_effect_on&quot;:&quot;none&quot;}\" data-widget_type=\"image.default\">\n\t\t\t\t<div class=\"elementor-widget-container\">\n\t\t\t\t\t\t\t\t\t\t\t\t\t\t\t<img loading=\"lazy\" decoding=\"async\" width=\"1024\" height=\"420\" src=\"https:\/\/brandcharacter.shop\/wp-content\/uploads\/2026\/03\/2-21-1024x420.jpg\" class=\"attachment-large size-large wp-image-14954 wvs-archive-product-image\" alt=\"\" srcset=\"https:\/\/brandcharacter.shop\/wp-content\/uploads\/2026\/03\/2-21-1024x420.jpg 1024w, https:\/\/brandcharacter.shop\/wp-content\/uploads\/2026\/03\/2-21-300x123.jpg 300w, https:\/\/brandcharacter.shop\/wp-content\/uploads\/2026\/03\/2-21-768x315.jpg 768w, https:\/\/brandcharacter.shop\/wp-content\/uploads\/2026\/03\/2-21-18x7.jpg 18w, https:\/\/brandcharacter.shop\/wp-content\/uploads\/2026\/03\/2-21-600x246.jpg 600w, https:\/\/brandcharacter.shop\/wp-content\/uploads\/2026\/03\/2-21-1x1.jpg 1w, https:\/\/brandcharacter.shop\/wp-content\/uploads\/2026\/03\/2-21-10x4.jpg 10w, https:\/\/brandcharacter.shop\/wp-content\/uploads\/2026\/03\/2-21.jpg 1464w\" sizes=\"auto, (max-width: 1024px) 100vw, 1024px\" \/>\t\t\t\t\t\t\t\t\t\t\t\t\t\t\t<\/div>\n\t\t\t\t<\/div>\n\t\t\t\t<div class=\"elementor-element elementor-element-27724234 elementor-widget elementor-widget-image\" data-id=\"27724234\" data-element_type=\"widget\" data-settings=\"{&quot;ekit_we_effect_on&quot;:&quot;none&quot;}\" data-widget_type=\"image.default\">\n\t\t\t\t<div class=\"elementor-widget-container\">\n\t\t\t\t\t\t\t\t\t\t\t\t\t\t\t<img loading=\"lazy\" decoding=\"async\" width=\"1024\" height=\"420\" src=\"https:\/\/brandcharacter.shop\/wp-content\/uploads\/2026\/03\/3-21-1024x420.jpg\" class=\"attachment-large size-large wp-image-14955 wvs-archive-product-image\" alt=\"\" srcset=\"https:\/\/brandcharacter.shop\/wp-content\/uploads\/2026\/03\/3-21-1024x420.jpg 1024w, https:\/\/brandcharacter.shop\/wp-content\/uploads\/2026\/03\/3-21-300x123.jpg 300w, https:\/\/brandcharacter.shop\/wp-content\/uploads\/2026\/03\/3-21-768x315.jpg 768w, https:\/\/brandcharacter.shop\/wp-content\/uploads\/2026\/03\/3-21-18x7.jpg 18w, https:\/\/brandcharacter.shop\/wp-content\/uploads\/2026\/03\/3-21-600x246.jpg 600w, https:\/\/brandcharacter.shop\/wp-content\/uploads\/2026\/03\/3-21-1x1.jpg 1w, https:\/\/brandcharacter.shop\/wp-content\/uploads\/2026\/03\/3-21-10x4.jpg 10w, https:\/\/brandcharacter.shop\/wp-content\/uploads\/2026\/03\/3-21.jpg 1464w\" sizes=\"auto, (max-width: 1024px) 100vw, 1024px\" \/>\t\t\t\t\t\t\t\t\t\t\t\t\t\t\t<\/div>\n\t\t\t\t<\/div>\n\t\t\t\t\t<\/div>\n\t\t\t\t<\/div>\n\t\t\t\t<\/div>","protected":false},"excerpt":{"rendered":"<h2 class=\"a-size-base-plus a-text-bold\">Informationen zu diesem Artikel<\/h2>\n<div class=\"a-expander-collapsed-height a-row a-expander-container a-expander-partial-collapse-container\" data-a-expander-collapsed-height=\"300\">\n<div class=\"a-expander-content a-expander-partial-collapse-content\" data-expanded=\"false\">\n<ul class=\"a-unordered-list a-vertical a-spacing-mini\">\n<li class=\"a-spacing-mini\"><span class=\"a-list-item\">WENIGER FETT: Unsere Light Gourmet Saucen enthalten je nach Geschmacksrichtung bis zu 80 % weniger Fett als herk\u00f6mmliche, vergleichbare Saucen<\/span><\/li>\n<li class=\"a-spacing-mini\"><span class=\"a-list-item\">OHNE ZUCKERZUSATZ: Unsere Variante kommt ganz ohne den Zusatz von Zucker aus und enth\u00e4lt nur den von Natur aus enthaltenen Zucker<\/span><\/li>\n<li class=\"a-spacing-mini\"><span class=\"a-list-item\">OHNE TITANDIOXID: Im Vergleich zu vergleichbaren Light Saucen verzichten wir auf den Farbstoff E171, da dieser von der EFSA als nicht sicher eingestuft wurde.<\/span><\/li>\n<\/ul>\n<\/div>\n<\/div>","protected":false},"featured_media":14934,"comment_status":"open","ping_status":"closed","template":"","meta":{"_acf_changed":false},"etheme_brands":[],"product_brand":[],"product_cat":[118],"product_tag":[],"class_list":{"0":"post-14929","1":"product","2":"type-product","3":"status-publish","4":"has-post-thumbnail","6":"product_cat-sale-shop","8":"first","9":"instock","10":"sale","11":"shipping-taxable","12":"purchasable","13":"product-type-variable","14":"has-default-attributes","15":"wvs-archive-product-wrapper"},"acf":[],"_links":{"self":[{"href":"https:\/\/brandcharacter.shop\/de\/wp-json\/wp\/v2\/product\/14929","targetHints":{"allow":["GET"]}}],"collection":[{"href":"https:\/\/brandcharacter.shop\/de\/wp-json\/wp\/v2\/product"}],"about":[{"href":"https:\/\/brandcharacter.shop\/de\/wp-json\/wp\/v2\/types\/product"}],"replies":[{"embeddable":true,"href":"https:\/\/brandcharacter.shop\/de\/wp-json\/wp\/v2\/comments?post=14929"}],"version-history":[{"count":4,"href":"https:\/\/brandcharacter.shop\/de\/wp-json\/wp\/v2\/product\/14929\/revisions"}],"predecessor-version":[{"id":14963,"href":"https:\/\/brandcharacter.shop\/de\/wp-json\/wp\/v2\/product\/14929\/revisions\/14963"}],"wp:featuredmedia":[{"embeddable":true,"href":"https:\/\/brandcharacter.shop\/de\/wp-json\/wp\/v2\/media\/14934"}],"wp:attachment":[{"href":"https:\/\/brandcharacter.shop\/de\/wp-json\/wp\/v2\/media?parent=14929"}],"wp:term":[{"taxonomy":"brand","embeddable":true,"href":"https:\/\/brandcharacter.shop\/de\/wp-json\/wp\/v2\/etheme_brands?post=14929"},{"taxonomy":"product_brand","embeddable":true,"href":"https:\/\/brandcharacter.shop\/de\/wp-json\/wp\/v2\/product_brand?post=14929"},{"taxonomy":"product_cat","embeddable":true,"href":"https:\/\/brandcharacter.shop\/de\/wp-json\/wp\/v2\/product_cat?post=14929"},{"taxonomy":"product_tag","embeddable":true,"href":"https:\/\/brandcharacter.shop\/de\/wp-json\/wp\/v2\/product_tag?post=14929"}],"curies":[{"name":"wp","href":"https:\/\/api.w.org\/{rel}","templated":true}]}}